{"id":6781,"date":"2024-12-26T12:00:38","date_gmt":"2024-12-26T12:00:38","guid":{"rendered":"https:\/\/www.ramon.paris\/shop\/sin categor\u00eda\/black-rabbit\/"},"modified":"2024-12-26T12:00:38","modified_gmt":"2024-12-26T12:00:38","slug":"black-rabbit","status":"publish","type":"product","link":"https:\/\/www.ramon.paris\/es\/shop\/verticales-es\/black-rabbit\/","title":{"rendered":"Conejo negro"},"content":{"rendered":"","protected":false},"excerpt":{"rendered":"<ul>\n<li>18,2 cm x 29,5 cm<\/li>\n<li>Papel Scholler mate, 250 gr.<\/li>\n<li>1 tinta<\/li>\n<li>MARCO NO INCLUIDO<\/li>\n<\/ul>\n<p>&nbsp;<\/p>\n","protected":false},"featured_media":6732,"template":"","meta":{"_acf_changed":false,"inline_featured_image":false,"_monsterinsights_skip_tracking":false,"_monsterinsights_sitenote_active":false,"_monsterinsights_sitenote_note":"","_monsterinsights_sitenote_category":0},"product_brand":[],"product_cat":[183,132],"product_tag":[118,182],"class_list":{"0":"post-6781","1":"product","2":"type-product","3":"status-publish","4":"has-post-thumbnail","6":"product_cat-18-2cm-x-29-5cm-es","7":"product_cat-verticales-es","8":"product_tag-1-tinta","9":"product_tag-animales-es","11":"first","12":"instock","13":"shipping-taxable","14":"purchasable","15":"product-type-simple","17":"catalog-layout-full-bg","18":"columns-xs-2"},"supplier_id":null,"supplier_sku":"","barcode":null,"atum_controlled":true,"out_stock_date":null,"out_stock_threshold":null,"inheritable":false,"inbound_stock":null,"stock_on_hold":null,"sold_today":null,"sales_last_days":null,"reserved_stock":null,"customer_returns":null,"warehouse_damage":null,"lost_in_post":null,"other_logs":null,"out_stock_days":null,"lost_sales":null,"has_location":null,"update_date":null,"atum_locations":[],"atum_stock_status":"instock","restock_status":false,"low_stock_amount":"","sales_update_date":null,"calc_backorders":null,"acf":[],"yoast_head":"<!-- This site is optimized with the Yoast SEO plugin v27.3 - https:\/\/yoast.com\/product\/yoast-seo-wordpress\/ -->\n<title>Conejo negro - Ramon Paris<\/title>\n<meta name=\"description\" content=\"Serigraf\u00eda Conejo Negro por Ram\u00f3n Par\u00eds\" \/>\n<meta name=\"robots\" content=\"index, follow, max-snippet:-1, max-image-preview:large, max-video-preview:-1\" \/>\n<link rel=\"canonical\" href=\"https:\/\/www.ramon.paris\/es\/shop\/verticales-es\/black-rabbit\/\" \/>\n<meta property=\"og:locale\" content=\"es_ES\" \/>\n<meta property=\"og:type\" content=\"article\" \/>\n<meta property=\"og:title\" content=\"Conejo negro - Ramon Paris\" \/>\n<meta property=\"og:description\" content=\"Serigraf\u00eda Conejo Negro por Ram\u00f3n Par\u00eds\" \/>\n<meta property=\"og:url\" content=\"https:\/\/www.ramon.paris\/es\/shop\/verticales-es\/black-rabbit\/\" \/>\n<meta property=\"og:site_name\" content=\"Ramon Paris\" \/>\n<meta property=\"article:publisher\" content=\"http:\/\/www.facebook.com\/ramon.paris.ilustrador\" \/>\n<meta property=\"og:image\" content=\"https:\/\/www.ramon.paris\/wp-content\/uploads\/2024\/12\/black-rabbit-screenprint-ramonparis.jpg\" \/>\n\t<meta property=\"og:image:width\" content=\"1500\" \/>\n\t<meta property=\"og:image:height\" content=\"1970\" \/>\n\t<meta property=\"og:image:type\" content=\"image\/jpeg\" \/>\n<meta name=\"twitter:card\" content=\"summary_large_image\" \/>\n<script type=\"application\/ld+json\" class=\"yoast-schema-graph\">{\"@context\":\"https:\\\/\\\/schema.org\",\"@graph\":[{\"@type\":\"WebPage\",\"@id\":\"https:\\\/\\\/www.ramon.paris\\\/es\\\/shop\\\/verticales-es\\\/black-rabbit\\\/\",\"url\":\"https:\\\/\\\/www.ramon.paris\\\/es\\\/shop\\\/verticales-es\\\/black-rabbit\\\/\",\"name\":\"Conejo negro - Ramon Paris\",\"isPartOf\":{\"@id\":\"https:\\\/\\\/www.ramon.paris\\\/es\\\/#website\"},\"primaryImageOfPage\":{\"@id\":\"https:\\\/\\\/www.ramon.paris\\\/es\\\/shop\\\/verticales-es\\\/black-rabbit\\\/#primaryimage\"},\"image\":{\"@id\":\"https:\\\/\\\/www.ramon.paris\\\/es\\\/shop\\\/verticales-es\\\/black-rabbit\\\/#primaryimage\"},\"thumbnailUrl\":\"https:\\\/\\\/www.ramon.paris\\\/wp-content\\\/uploads\\\/2024\\\/12\\\/black-rabbit-screenprint-ramonparis.jpg\",\"datePublished\":\"2024-12-26T12:00:38+00:00\",\"description\":\"Serigraf\u00eda Conejo Negro por Ram\u00f3n Par\u00eds\",\"breadcrumb\":{\"@id\":\"https:\\\/\\\/www.ramon.paris\\\/es\\\/shop\\\/verticales-es\\\/black-rabbit\\\/#breadcrumb\"},\"inLanguage\":\"es\",\"potentialAction\":[{\"@type\":\"ReadAction\",\"target\":[\"https:\\\/\\\/www.ramon.paris\\\/es\\\/shop\\\/verticales-es\\\/black-rabbit\\\/\"]}]},{\"@type\":\"ImageObject\",\"inLanguage\":\"es\",\"@id\":\"https:\\\/\\\/www.ramon.paris\\\/es\\\/shop\\\/verticales-es\\\/black-rabbit\\\/#primaryimage\",\"url\":\"https:\\\/\\\/www.ramon.paris\\\/wp-content\\\/uploads\\\/2024\\\/12\\\/black-rabbit-screenprint-ramonparis.jpg\",\"contentUrl\":\"https:\\\/\\\/www.ramon.paris\\\/wp-content\\\/uploads\\\/2024\\\/12\\\/black-rabbit-screenprint-ramonparis.jpg\",\"width\":1500,\"height\":1970,\"caption\":\"Conejo Negro | Serigraf\u00eda | Ram\u00f3n Par\u00eds\"},{\"@type\":\"BreadcrumbList\",\"@id\":\"https:\\\/\\\/www.ramon.paris\\\/es\\\/shop\\\/verticales-es\\\/black-rabbit\\\/#breadcrumb\",\"itemListElement\":[{\"@type\":\"ListItem\",\"position\":1,\"name\":\"Home\",\"item\":\"https:\\\/\\\/www.ramon.paris\\\/es\\\/portafolio-3\\\/\"},{\"@type\":\"ListItem\",\"position\":2,\"name\":\"shop\",\"item\":\"https:\\\/\\\/www.ramon.paris\\\/shop\\\/\"},{\"@type\":\"ListItem\",\"position\":3,\"name\":\"Conejo negro\"}]},{\"@type\":\"WebSite\",\"@id\":\"https:\\\/\\\/www.ramon.paris\\\/es\\\/#website\",\"url\":\"https:\\\/\\\/www.ramon.paris\\\/es\\\/\",\"name\":\"Ramon Paris\",\"description\":\"\",\"potentialAction\":[{\"@type\":\"SearchAction\",\"target\":{\"@type\":\"EntryPoint\",\"urlTemplate\":\"https:\\\/\\\/www.ramon.paris\\\/es\\\/?s={search_term_string}\"},\"query-input\":{\"@type\":\"PropertyValueSpecification\",\"valueRequired\":true,\"valueName\":\"search_term_string\"}}],\"inLanguage\":\"es\"}]}<\/script>\n<!-- \/ Yoast SEO plugin. -->","yoast_head_json":{"title":"Conejo negro - Ramon Paris","description":"Serigraf\u00eda Conejo Negro por Ram\u00f3n Par\u00eds","robots":{"index":"index","follow":"follow","max-snippet":"max-snippet:-1","max-image-preview":"max-image-preview:large","max-video-preview":"max-video-preview:-1"},"canonical":"https:\/\/www.ramon.paris\/es\/shop\/verticales-es\/black-rabbit\/","og_locale":"es_ES","og_type":"article","og_title":"Conejo negro - Ramon Paris","og_description":"Serigraf\u00eda Conejo Negro por Ram\u00f3n Par\u00eds","og_url":"https:\/\/www.ramon.paris\/es\/shop\/verticales-es\/black-rabbit\/","og_site_name":"Ramon Paris","article_publisher":"http:\/\/www.facebook.com\/ramon.paris.ilustrador","og_image":[{"width":1500,"height":1970,"url":"https:\/\/www.ramon.paris\/wp-content\/uploads\/2024\/12\/black-rabbit-screenprint-ramonparis.jpg","type":"image\/jpeg"}],"twitter_card":"summary_large_image","schema":{"@context":"https:\/\/schema.org","@graph":[{"@type":"WebPage","@id":"https:\/\/www.ramon.paris\/es\/shop\/verticales-es\/black-rabbit\/","url":"https:\/\/www.ramon.paris\/es\/shop\/verticales-es\/black-rabbit\/","name":"Conejo negro - Ramon Paris","isPartOf":{"@id":"https:\/\/www.ramon.paris\/es\/#website"},"primaryImageOfPage":{"@id":"https:\/\/www.ramon.paris\/es\/shop\/verticales-es\/black-rabbit\/#primaryimage"},"image":{"@id":"https:\/\/www.ramon.paris\/es\/shop\/verticales-es\/black-rabbit\/#primaryimage"},"thumbnailUrl":"https:\/\/www.ramon.paris\/wp-content\/uploads\/2024\/12\/black-rabbit-screenprint-ramonparis.jpg","datePublished":"2024-12-26T12:00:38+00:00","description":"Serigraf\u00eda Conejo Negro por Ram\u00f3n Par\u00eds","breadcrumb":{"@id":"https:\/\/www.ramon.paris\/es\/shop\/verticales-es\/black-rabbit\/#breadcrumb"},"inLanguage":"es","potentialAction":[{"@type":"ReadAction","target":["https:\/\/www.ramon.paris\/es\/shop\/verticales-es\/black-rabbit\/"]}]},{"@type":"ImageObject","inLanguage":"es","@id":"https:\/\/www.ramon.paris\/es\/shop\/verticales-es\/black-rabbit\/#primaryimage","url":"https:\/\/www.ramon.paris\/wp-content\/uploads\/2024\/12\/black-rabbit-screenprint-ramonparis.jpg","contentUrl":"https:\/\/www.ramon.paris\/wp-content\/uploads\/2024\/12\/black-rabbit-screenprint-ramonparis.jpg","width":1500,"height":1970,"caption":"Conejo Negro | Serigraf\u00eda | Ram\u00f3n Par\u00eds"},{"@type":"BreadcrumbList","@id":"https:\/\/www.ramon.paris\/es\/shop\/verticales-es\/black-rabbit\/#breadcrumb","itemListElement":[{"@type":"ListItem","position":1,"name":"Home","item":"https:\/\/www.ramon.paris\/es\/portafolio-3\/"},{"@type":"ListItem","position":2,"name":"shop","item":"https:\/\/www.ramon.paris\/shop\/"},{"@type":"ListItem","position":3,"name":"Conejo negro"}]},{"@type":"WebSite","@id":"https:\/\/www.ramon.paris\/es\/#website","url":"https:\/\/www.ramon.paris\/es\/","name":"Ramon Paris","description":"","potentialAction":[{"@type":"SearchAction","target":{"@type":"EntryPoint","urlTemplate":"https:\/\/www.ramon.paris\/es\/?s={search_term_string}"},"query-input":{"@type":"PropertyValueSpecification","valueRequired":true,"valueName":"search_term_string"}}],"inLanguage":"es"}]}},"_links":{"self":[{"href":"https:\/\/www.ramon.paris\/es\/wp-json\/wp\/v2\/product\/6781","targetHints":{"allow":["GET"]}}],"collection":[{"href":"https:\/\/www.ramon.paris\/es\/wp-json\/wp\/v2\/product"}],"about":[{"href":"https:\/\/www.ramon.paris\/es\/wp-json\/wp\/v2\/types\/product"}],"wp:featuredmedia":[{"embeddable":true,"href":"https:\/\/www.ramon.paris\/es\/wp-json\/wp\/v2\/media\/6732"}],"wp:attachment":[{"href":"https:\/\/www.ramon.paris\/es\/wp-json\/wp\/v2\/media?parent=6781"}],"wp:term":[{"taxonomy":"product_brand","embeddable":true,"href":"https:\/\/www.ramon.paris\/es\/wp-json\/wp\/v2\/product_brand?post=6781"},{"taxonomy":"product_cat","embeddable":true,"href":"https:\/\/www.ramon.paris\/es\/wp-json\/wp\/v2\/product_cat?post=6781"},{"taxonomy":"product_tag","embeddable":true,"href":"https:\/\/www.ramon.paris\/es\/wp-json\/wp\/v2\/product_tag?post=6781"}],"curies":[{"name":"wp","href":"https:\/\/api.w.org\/{rel}","templated":true}]}}